{"id":976,"date":"2021-08-09T15:34:12","date_gmt":"2021-08-09T14:34:12","guid":{"rendered":"https:\/\/nestor.kobo.org.pl\/?page_id=976"},"modified":"2022-09-30T14:36:33","modified_gmt":"2022-09-30T13:36:33","slug":"main","status":"publish","type":"page","link":"https:\/\/nestor.kobo.org.pl\/","title":{"rendered":"Main"},"content":{"rendered":"<p>[et_pb_section fb_built=&#8221;1&#8243; fullwidth=&#8221;on&#8221; disabled_on=&#8221;off|off|off&#8221; _builder_version=&#8221;4.16&#8243; _module_preset=&#8221;default&#8221; global_colors_info=&#8221;{}&#8221;][et_pb_nextend_smart_slider_3_fullwidth slider=&#8221;2&#8243; _builder_version=&#8221;4.9.11&#8243; _module_preset=&#8221;default&#8221; global_colors_info=&#8221;{}&#8221;][\/et_pb_nextend_smart_slider_3_fullwidth][\/et_pb_section][et_pb_section fb_built=&#8221;1&#8243; _builder_version=&#8221;4.16&#8243; _module_preset=&#8221;default&#8221; width=&#8221;100%&#8221; global_colors_info=&#8221;{}&#8221;][et_pb_row _builder_version=&#8221;4.16&#8243; _module_preset=&#8221;default&#8221; width=&#8221;100%&#8221; module_alignment=&#8221;center&#8221; custom_margin=&#8221;-66px||||false|false&#8221; custom_padding=&#8221;0px|0px|||false|false&#8221; border_color_all=&#8221;RGBA(0,0,0,0)&#8221; border_style_all=&#8221;none&#8221; global_colors_info=&#8221;{}&#8221;][et_pb_column type=&#8221;4_4&#8243; _builder_version=&#8221;4.16&#8243; _module_preset=&#8221;default&#8221; global_colors_info=&#8221;{}&#8221;][et_pb_code _builder_version=&#8221;4.16&#8243; _module_preset=&#8221;default&#8221; custom_css_main_element=&#8221;display:none;&#8221; global_colors_info=&#8221;{}&#8221;]<\/p>\n<div id=\"info-content-top\" style=\"display: none;\"><!-- [et_pb_line_break_holder] --><\/div>\n<p>[\/et_pb_code][et_pb_code _builder_version=&#8221;4.16&#8243; _module_preset=&#8221;default&#8221; global_colors_info=&#8221;{}&#8221;]<\/p>\n<div id=\"info-content-top\"><!-- [et_pb_line_break_holder] --> <!-- [et_pb_line_break_holder] --><\/div>\n<p>[\/et_pb_code][et_pb_tabs active_tab_background_color=&#8221;RGBA(0,0,0,0)&#8221; inactive_tab_background_color=&#8221;RGBA(0,0,0,0)&#8221; active_tab_text_color=&#8221;#eb584b&#8221; _builder_version=&#8221;4.16&#8243; _module_preset=&#8221;default&#8221; tab_text_color=&#8221;#646464&#8243; body_text_color=&#8221;#000000&#8243; background_color=&#8221;RGBA(0,0,0,0)&#8221; width=&#8221;100%&#8221; custom_margin=&#8221;|-329px||||&#8221; custom_padding=&#8221;0px|26px||||&#8221; custom_css_tabs_controls=&#8221;background-color: white;&#8221; custom_css_tab=&#8221;border:none;||&#8221; custom_css_active_tab=&#8221;text-decoration: underline;||text-decoration-thickness: 0.2em;||text-underline-offset: 0.3em;&#8221; border_color_all=&#8221;RGBA(0,0,0,0)&#8221; border_style_all=&#8221;none&#8221; locked=&#8221;off&#8221; global_colors_info=&#8221;{}&#8221;][et_pb_tab title=&#8221;Inteligentne otoczenie&#8221; _builder_version=&#8221;4.16&#8243; _module_preset=&#8221;default&#8221; custom_padding=&#8221;0px||||false|true&#8221; global_colors_info=&#8221;{}&#8221;]<img loading=\"lazy\" decoding=\"async\" class=\"wp-image-1643 alignnone size-medium\" src=\"https:\/\/nestor.kobo.org.pl\/wp-content\/uploads\/2021\/09\/1.1.svg\" alt=\"\" width=\"2552\" height=\"3202\" \/><\/p>\n<p><img loading=\"lazy\" decoding=\"async\" class=\"wp-image-1644 alignnone size-medium\" src=\"https:\/\/nestor.kobo.org.pl\/wp-content\/uploads\/2021\/09\/1.2.svg\" alt=\"\" width=\"2552\" height=\"3202\" \/><\/p>\n<p><img loading=\"lazy\" decoding=\"async\" class=\"wp-image-1645 alignnone size-medium\" src=\"https:\/\/nestor.kobo.org.pl\/wp-content\/uploads\/2021\/09\/1.3.svg\" alt=\"\" width=\"2552\" height=\"3202\" \/><\/p>\n<p><img loading=\"lazy\" decoding=\"async\" class=\"wp-image-1646 alignnone size-medium\" src=\"https:\/\/nestor.kobo.org.pl\/wp-content\/uploads\/2021\/09\/1.4.svg\" alt=\"\" width=\"2552\" height=\"3202\" \/><\/p>\n<p><img loading=\"lazy\" decoding=\"async\" class=\"wp-image-1647 alignnone size-medium\" src=\"https:\/\/nestor.kobo.org.pl\/wp-content\/uploads\/2021\/09\/1.5.svg\" alt=\"\" width=\"2552\" height=\"3202\" \/>[\/et_pb_tab][et_pb_tab title=&#8221;VR i AR&#8221; _builder_version=&#8221;4.16&#8243; _module_preset=&#8221;default&#8221; global_colors_info=&#8221;{}&#8221;]<img loading=\"lazy\" decoding=\"async\" class=\"wp-image-1648 alignnone size-medium\" src=\"https:\/\/nestor.kobo.org.pl\/wp-content\/uploads\/2021\/09\/2.1.svg\" alt=\"\" width=\"2552\" height=\"3202\" \/><\/p>\n<p><img loading=\"lazy\" decoding=\"async\" class=\"wp-image-1649 alignnone size-medium\" src=\"https:\/\/nestor.kobo.org.pl\/wp-content\/uploads\/2021\/09\/2.2.svg\" alt=\"\" width=\"2552\" height=\"3202\" \/><\/p>\n<p><img loading=\"lazy\" decoding=\"async\" class=\"wp-image-1650 alignnone size-medium\" src=\"https:\/\/nestor.kobo.org.pl\/wp-content\/uploads\/2021\/09\/2.3.svg\" alt=\"\" width=\"2552\" height=\"3202\" \/>[\/et_pb_tab][et_pb_tab title=&#8221;W labolatorium&#8221; _builder_version=&#8221;4.16&#8243; _module_preset=&#8221;default&#8221; global_colors_info=&#8221;{}&#8221;]<img loading=\"lazy\" decoding=\"async\" class=\"wp-image-1651 alignnone size-medium\" src=\"https:\/\/nestor.kobo.org.pl\/wp-content\/uploads\/2021\/09\/3.1.svg\" alt=\"\" width=\"2552\" height=\"3202\" \/><\/p>\n<p><img loading=\"lazy\" decoding=\"async\" class=\"wp-image-1652 alignnone size-medium\" src=\"https:\/\/nestor.kobo.org.pl\/wp-content\/uploads\/2021\/09\/3.2.svg\" alt=\"\" width=\"2552\" height=\"3202\" \/><\/p>\n<p><img loading=\"lazy\" decoding=\"async\" class=\"wp-image-1653 alignnone size-medium\" src=\"https:\/\/nestor.kobo.org.pl\/wp-content\/uploads\/2021\/09\/3.3.svg\" alt=\"\" width=\"2552\" height=\"3202\" \/>[\/et_pb_tab][et_pb_tab title=&#8221;W terenie&#8221; _builder_version=&#8221;4.16&#8243; _module_preset=&#8221;default&#8221; global_colors_info=&#8221;{}&#8221;]<img loading=\"lazy\" decoding=\"async\" class=\"wp-image-1654 alignnone size-medium\" src=\"https:\/\/nestor.kobo.org.pl\/wp-content\/uploads\/2021\/09\/4.1.svg\" alt=\"\" width=\"2552\" height=\"3202\" \/><\/p>\n<p><img loading=\"lazy\" decoding=\"async\" class=\"wp-image-1655 alignnone size-medium\" src=\"https:\/\/nestor.kobo.org.pl\/wp-content\/uploads\/2021\/09\/4.2.svg\" alt=\"\" width=\"2552\" height=\"3202\" \/><\/p>\n<p><img loading=\"lazy\" decoding=\"async\" class=\"wp-image-1656 alignnone size-medium\" src=\"https:\/\/nestor.kobo.org.pl\/wp-content\/uploads\/2021\/09\/4.3.svg\" alt=\"\" width=\"2552\" height=\"3202\" \/>[\/et_pb_tab][et_pb_tab title=&#8221;Roboty i czatboty&#8221; _builder_version=&#8221;4.16&#8243; _module_preset=&#8221;default&#8221; global_colors_info=&#8221;{}&#8221;]<img loading=\"lazy\" decoding=\"async\" class=\"wp-image-1657 alignnone size-medium\" src=\"https:\/\/nestor.kobo.org.pl\/wp-content\/uploads\/2021\/09\/5.1.svg\" alt=\"\" width=\"2552\" height=\"3202\" \/><\/p>\n<p><img loading=\"lazy\" decoding=\"async\" class=\"wp-image-1658 alignnone size-medium\" src=\"https:\/\/nestor.kobo.org.pl\/wp-content\/uploads\/2021\/09\/5.2.svg\" alt=\"\" width=\"2552\" height=\"3202\" \/><\/p>\n<p><img loading=\"lazy\" decoding=\"async\" class=\"wp-image-1659 alignnone size-medium\" src=\"https:\/\/nestor.kobo.org.pl\/wp-content\/uploads\/2021\/09\/5.3.svg\" alt=\"\" width=\"2552\" height=\"3202\" \/>[\/et_pb_tab][et_pb_tab title=&#8221;Wyszukiwanie&#8221; _builder_version=&#8221;4.16&#8243; _module_preset=&#8221;default&#8221; global_colors_info=&#8221;{}&#8221;]<img loading=\"lazy\" decoding=\"async\" class=\"wp-image-1660 alignnone size-medium\" src=\"https:\/\/nestor.kobo.org.pl\/wp-content\/uploads\/2021\/09\/6.1.svg\" alt=\"\" width=\"2552\" height=\"3202\" \/><\/p>\n<p><img loading=\"lazy\" decoding=\"async\" class=\"wp-image-1661 alignnone size-medium\" src=\"https:\/\/nestor.kobo.org.pl\/wp-content\/uploads\/2021\/09\/6.2.svg\" alt=\"\" width=\"2552\" height=\"3202\" \/>[\/et_pb_tab][et_pb_tab title=&#8221;Us\u0142ugi&#8221; _builder_version=&#8221;4.16&#8243; _module_preset=&#8221;default&#8221; global_colors_info=&#8221;{}&#8221;]<img loading=\"lazy\" decoding=\"async\" class=\"wp-image-1662 alignnone size-medium\" src=\"https:\/\/nestor.kobo.org.pl\/wp-content\/uploads\/2021\/09\/7.1.svg\" alt=\"\" width=\"2552\" height=\"3202\" \/><\/p>\n<p><img loading=\"lazy\" decoding=\"async\" class=\"wp-image-1663 alignnone size-medium\" src=\"https:\/\/nestor.kobo.org.pl\/wp-content\/uploads\/2021\/09\/7.2.svg\" alt=\"\" width=\"2552\" height=\"3202\" \/><\/p>\n<p><img loading=\"lazy\" decoding=\"async\" class=\"wp-image-1664 alignnone size-medium\" src=\"https:\/\/nestor.kobo.org.pl\/wp-content\/uploads\/2021\/09\/7.3.svg\" alt=\"\" width=\"2552\" height=\"3202\" \/><\/p>\n<p><img loading=\"lazy\" decoding=\"async\" class=\"wp-image-1665 alignnone size-medium\" src=\"https:\/\/nestor.kobo.org.pl\/wp-content\/uploads\/2021\/09\/7.4.svg\" alt=\"\" width=\"2552\" height=\"3202\" \/>[\/et_pb_tab][\/et_pb_tabs][\/et_pb_column][\/et_pb_row][\/et_pb_section][et_pb_section fb_built=&#8221;1&#8243; _builder_version=&#8221;4.16&#8243; _module_preset=&#8221;default&#8221; background_color=&#8221;#82c8ba&#8221; min_height=&#8221;324px&#8221; custom_margin=&#8221;||-67px|||&#8221; global_colors_info=&#8221;{}&#8221;][et_pb_row _builder_version=&#8221;4.16&#8243; _module_preset=&#8221;default&#8221; min_height=&#8221;220.9px&#8221; custom_margin=&#8221;|auto|17px|auto||&#8221; global_colors_info=&#8221;{}&#8221;][et_pb_column type=&#8221;4_4&#8243; _builder_version=&#8221;4.16&#8243; _module_preset=&#8221;default&#8221; global_colors_info=&#8221;{}&#8221;][et_pb_text _builder_version=&#8221;4.16&#8243; _module_preset=&#8221;default&#8221; header_font=&#8221;|700|||||||&#8221; header_text_align=&#8221;center&#8221; header_font_size=&#8221;40px&#8221; global_colors_info=&#8221;{}&#8221;]<\/p>\n<h1><span style=\"color: #242f4e;\"><strong>Kt\u00f3ry\u015b temat Ci\u0119 najbardziej zaciekawi\u0142?<\/strong><\/span><\/h1>\n<p>[\/et_pb_text][et_pb_image src=&#8221;https:\/\/nestor.kobo.org.pl\/wp-content\/uploads\/2021\/08\/strzaleczka-call-to-action-300&#215;124.png&#8221; title_text=&#8221;strza\u0142eczka call to action&#8221; align=&#8221;center&#8221; _builder_version=&#8221;4.16&#8243; _module_preset=&#8221;default&#8221; custom_padding=&#8221;||24px|||&#8221; global_colors_info=&#8221;{}&#8221;][\/et_pb_image][et_pb_button button_url=&#8221;@ET-DC@eyJkeW5hbWljIjp0cnVlLCJjb250ZW50IjoicG9zdF9saW5rX3VybF9wYWdlIiwic2V0dGluZ3MiOnsicG9zdF9pZCI6IjEzIn19@&#8221; url_new_window=&#8221;on&#8221; button_text=&#8221;Skontaktuj si\u0119 z nami&#8221; button_alignment=&#8221;center&#8221; _builder_version=&#8221;4.16&#8243; _dynamic_attributes=&#8221;button_url&#8221; _module_preset=&#8221;default&#8221; custom_button=&#8221;on&#8221; button_text_size=&#8221;25px&#8221; button_text_color=&#8221;#ffffff&#8221; button_bg_color=&#8221;#242f4e&#8221; button_border_color=&#8221;#242f4e&#8221; button_font=&#8221;Open Sans|700|||||||&#8221; custom_margin=&#8221;-28px||||false|false&#8221; global_colors_info=&#8221;{}&#8221;][\/et_pb_button][et_pb_text _builder_version=&#8221;4.16&#8243; _module_preset=&#8221;default&#8221; text_font=&#8221;|700|||||||&#8221; text_orientation=&#8221;center&#8221; global_colors_info=&#8221;{}&#8221;]<\/p>\n<h3><strong><span style=\"color: #ffffff;\">i we\u017a udzia\u0142 w aktywno\u015bciach naszego stowarzyszenia<\/span><\/strong><\/h3>\n<p>[\/et_pb_text][\/et_pb_column][\/et_pb_row][et_pb_row _builder_version=&#8221;4.16&#8243; _module_preset=&#8221;default&#8221; global_colors_info=&#8221;{}&#8221;][et_pb_column type=&#8221;4_4&#8243; _builder_version=&#8221;4.16&#8243; _module_preset=&#8221;default&#8221; global_colors_info=&#8221;{}&#8221;][et_pb_image src=&#8221;https:\/\/nestor.kobo.org.pl\/wp-content\/uploads\/2021\/08\/kropeczkowana-podzialka-biala-01.png&#8221; title_text=&#8221;kropeczkowana podzia\u0142ka bia\u0142a-01&#8243; _builder_version=&#8221;4.16&#8243; _module_preset=&#8221;default&#8221; global_colors_info=&#8221;{}&#8221;][\/et_pb_image][\/et_pb_column][\/et_pb_row][\/et_pb_section][et_pb_section fb_built=&#8221;1&#8243; module_id=&#8221;about-project&#8221; _builder_version=&#8221;4.16&#8243; _module_preset=&#8221;default&#8221; background_color=&#8221;#82c8ba&#8221; custom_padding=&#8221;0px|||||&#8221; global_colors_info=&#8221;{}&#8221;][et_pb_row _builder_version=&#8221;4.16&#8243; _module_preset=&#8221;default&#8221; custom_margin=&#8221;|auto|-7px|auto||&#8221; custom_padding=&#8221;|0px||0px||true&#8221; global_colors_info=&#8221;{}&#8221;][et_pb_column type=&#8221;4_4&#8243; _builder_version=&#8221;4.16&#8243; _module_preset=&#8221;default&#8221; global_colors_info=&#8221;{}&#8221;][et_pb_text _builder_version=&#8221;4.16&#8243; _module_preset=&#8221;default&#8221; global_colors_info=&#8221;{}&#8221;]<\/p>\n<h1><strong><span style=\"color: #242f4e;\">O projekcie N<\/span><\/strong><strong><span style=\"color: #242f4e;\">estor_2.0<\/span><\/strong><\/h1>\n<p>[\/et_pb_text][\/et_pb_column][\/et_pb_row][et_pb_row _builder_version=&#8221;4.16&#8243; _module_preset=&#8221;default&#8221; custom_margin=&#8221;-14px|auto||auto||&#8221; custom_padding=&#8221;0px|||||&#8221; global_colors_info=&#8221;{}&#8221;][et_pb_column type=&#8221;4_4&#8243; _builder_version=&#8221;4.16&#8243; _module_preset=&#8221;default&#8221; global_colors_info=&#8221;{}&#8221;][et_pb_text _builder_version=&#8221;4.18.0&#8243; _module_preset=&#8221;default&#8221; global_colors_info=&#8221;{}&#8221;]<\/p>\n<div class=\"about\">\n<hr  \/>\n<\/div>\n<p><span style=\"color: #242f4e;\"><span style=\"font-weight: 400;\">Nestor_2.0 to seria materia\u0142\u00f3w infograficznych dla senior\u00f3w propaguj\u0105ca wiedz\u0119 z obszaru najnowszych technologii cyfrowych oraz zach\u0119caj\u0105ca do poszerzania swoich kompetencji w tej dziedzinie. Projekt powsta\u0142 jako efekt wsp\u00f3\u0142pracy Stowarzyszenia Kobo z Mateuszem Szewczykiem, projektantem graficznym z Wydzia\u0142u Sztuki Nowych Medi\u00f3w Polsko-Japo\u0144skiej Akademii Technik Komputerowych. W ramach wsp\u00f3lnych dzia\u0142a\u0144 przeprowadzone zosta\u0142y warsztaty badawcze z seniorami, podczas kt\u00f3rych podj\u0119to pr\u00f3b\u0119 okre\u015blenia potrzeb i preferencji os\u00f3b starszych dotycz\u0105cych informacyjnych materia\u0142\u00f3w wizualnych. Finalnym efektem tego procesu jest seria infografik przybli\u017caj\u0105cych aktualne zjawiska i nowinki technologiczne z zakresu medi\u00f3w cyfrowych stworzona przez Mateusza Szewczyka w ramach rozprawy doktorskiej, dost\u0119pnej\u00a0<b data-stringify-type=\"bold\"><a style=\"color: #242f4e;\" href=\"https:\/\/drive.google.com\/file\/d\/12Lq8nPi6geMCIqVu_Sm4hm3Fp2nNDT-s\/view?usp=sharing\" target=\"_blank\" rel=\"noopener\">do pobrania tutaj<\/a>.<\/b><\/span><\/span><\/p>\n<p><span style=\"color: #242f4e;\"><span style=\"font-weight: 400;\">Inicjatywy dotycz\u0105ce senior\u00f3w skupiaj\u0105 si\u0119 g\u0142\u00f3wnie na grupach wykluczonych cyfrowo. Niewiele jest projekt\u00f3w maj\u0105cych na celu wsparcie os\u00f3b o wy\u017cszych aspiracjach cyfrowych. Grup\u0105 docelow\u0105 naszego projektu s\u0105 w szczeg\u00f3lno\u015bci osoby starsze, kt\u00f3re maj\u0105 opanowane takie podstawy jak obs\u0142uga komputera czy smartfona i zastanawiaj\u0105 si\u0119 co jeszcze mo\u017ce zaoferowa\u0107 im \u015bwiat przestrzeni cyfrowej.<\/span>\u00a0<\/span><\/p>\n<p><span style=\"font-weight: 400; color: #242f4e;\">Celem projektu Nestor_2.0 jest nie tylko samo zaprezentowanie seniorom ciekawych zjawisk w obszarze nowych technologii, ale tak\u017ce prze\u0142amanie stereotypowego my\u015blenia o osobach starszych jako niezainteresowanych korzystaniem z dobrodziejstw nowoczesnej cyfryzacji.<\/span>[\/et_pb_text][\/et_pb_column][\/et_pb_row][et_pb_row _builder_version=&#8221;4.16&#8243; _module_preset=&#8221;default&#8221; global_colors_info=&#8221;{}&#8221;][et_pb_column type=&#8221;4_4&#8243; _builder_version=&#8221;4.16&#8243; _module_preset=&#8221;default&#8221; global_colors_info=&#8221;{}&#8221;][et_pb_video src=&#8221;https:\/\/www.youtube.com\/watch?v=bd_IffnxqL4&#8243; _builder_version=&#8221;4.16&#8243; _module_preset=&#8221;default&#8221; global_colors_info=&#8221;{}&#8221;][\/et_pb_video][\/et_pb_column][\/et_pb_row][et_pb_row _builder_version=&#8221;4.18.0&#8243; _module_preset=&#8221;default&#8221;][et_pb_column _builder_version=&#8221;4.18.0&#8243; _module_preset=&#8221;default&#8221; type=&#8221;4_4&#8243;][et_pb_video src=&#8221;https:\/\/www.youtube.com\/watch?v=4ANi-10Jb3o&#8221; _builder_version=&#8221;4.18.0&#8243; _module_preset=&#8221;default&#8221; hover_enabled=&#8221;0&#8243; sticky_enabled=&#8221;0&#8243;][\/et_pb_video][\/et_pb_column][\/et_pb_row][\/et_pb_section]<\/p>\n","protected":false},"excerpt":{"rendered":"<p>Kt\u00f3ry\u015b temat Ci\u0119 najbardziej zaciekawi\u0142?i we\u017a udzia\u0142 w aktywno\u015bciach naszego stowarzyszeniaO projekcie Nestor_2.0 Nestor_2.0 to seria materia\u0142\u00f3w infograficznych dla senior\u00f3w propaguj\u0105ca wiedz\u0119 z obszaru najnowszych technologii cyfrowych oraz zach\u0119caj\u0105ca do poszerzania swoich kompetencji w tej dziedzinie. Projekt powsta\u0142 jako efekt wsp\u00f3\u0142pracy Stowarzyszenia Kobo z Mateuszem Szewczykiem, projektantem graficznym z Wydzia\u0142u Sztuki Nowych Medi\u00f3w Polsko-Japo\u0144skiej Akademii [&hellip;]<\/p>\n","protected":false},"author":1,"featured_media":0,"parent":0,"menu_order":0,"comment_status":"closed","ping_status":"closed","template":"","meta":{"_et_pb_use_builder":"on","_et_pb_old_content":"","_et_gb_content_width":"","footnotes":""},"class_list":["post-976","page","type-page","status-publish","hentry"],"_links":{"self":[{"href":"https:\/\/nestor.kobo.org.pl\/index.php\/wp-json\/wp\/v2\/pages\/976","targetHints":{"allow":["GET"]}}],"collection":[{"href":"https:\/\/nestor.kobo.org.pl\/index.php\/wp-json\/wp\/v2\/pages"}],"about":[{"href":"https:\/\/nestor.kobo.org.pl\/index.php\/wp-json\/wp\/v2\/types\/page"}],"author":[{"embeddable":true,"href":"https:\/\/nestor.kobo.org.pl\/index.php\/wp-json\/wp\/v2\/users\/1"}],"replies":[{"embeddable":true,"href":"https:\/\/nestor.kobo.org.pl\/index.php\/wp-json\/wp\/v2\/comments?post=976"}],"version-history":[{"count":186,"href":"https:\/\/nestor.kobo.org.pl\/index.php\/wp-json\/wp\/v2\/pages\/976\/revisions"}],"predecessor-version":[{"id":1792,"href":"https:\/\/nestor.kobo.org.pl\/index.php\/wp-json\/wp\/v2\/pages\/976\/revisions\/1792"}],"wp:attachment":[{"href":"https:\/\/nestor.kobo.org.pl\/index.php\/wp-json\/wp\/v2\/media?parent=976"}],"curies":[{"name":"wp","href":"https:\/\/api.w.org\/{rel}","templated":true}]}}